{"id":393,"date":"2010-09-12T19:41:33","date_gmt":"2010-09-12T19:41:33","guid":{"rendered":"http:\/\/www.toolsgrip.fi\/se\/hem\/"},"modified":"2022-05-28T10:55:29","modified_gmt":"2022-05-28T07:55:29","slug":"hem","status":"publish","type":"page","link":"https:\/\/toolsgrip.fi\/sisalto\/se\/hem\/","title":{"rendered":"Hem"},"content":{"rendered":"<h1>Fungerar enkelt<\/h1>\n<p>ToolsGrip \u00e4r en patenterad l\u00f6sning som medf\u00f6r \u00f6kad s\u00e4kerhet i arbetet och underl\u00e4ttar det.<\/p>\n<p>Den enkla konstruktionen g\u00f6r att du kan hantera mindre verktyg ergonomiskt.<\/p>\n<p>ToolsGrip har testats i extrema f\u00f6rh\u00e5llanden, i genuina situationer p\u00e5 byggarbetsplatser i norr.<\/p>\n<p><iframe loading=\"lazy\" width=\"396\" height=\"223\" src=\"http:\/\/www.youtube.com\/embed\/9UJdmN3yk5Q\" frameborder=\"0\" allowfullscreen=\"\"><\/iframe><\/p>\n","protected":false},"excerpt":{"rendered":"<p>Fungerar enkelt ToolsGrip \u00e4r en patenterad l\u00f6sning som medf\u00f6r \u00f6kad s\u00e4kerhet i arbetet och underl\u00e4ttar det. Den enkla konstruktionen g\u00f6r att du kan hantera mindre verktyg ergonomiskt. ToolsGrip har testats i extrema f\u00f6rh\u00e5llanden, i genuina situationer p\u00e5 byggarbetsplatser i norr.<\/p>\n","protected":false},"author":1,"featured_media":0,"parent":391,"menu_order":1,"comment_status":"open","ping_status":"open","template":"page_se.php","meta":{"footnotes":""},"class_list":["post-393","page","type-page","status-publish","hentry"],"aioseo_notices":[],"_links":{"self":[{"href":"https:\/\/toolsgrip.fi\/sisalto\/wp-json\/wp\/v2\/pages\/393","targetHints":{"allow":["GET"]}}],"collection":[{"href":"https:\/\/toolsgrip.fi\/sisalto\/wp-json\/wp\/v2\/pages"}],"about":[{"href":"https:\/\/toolsgrip.fi\/sisalto\/wp-json\/wp\/v2\/types\/page"}],"author":[{"embeddable":true,"href":"https:\/\/toolsgrip.fi\/sisalto\/wp-json\/wp\/v2\/users\/1"}],"replies":[{"embeddable":true,"href":"https:\/\/toolsgrip.fi\/sisalto\/wp-json\/wp\/v2\/comments?post=393"}],"version-history":[{"count":9,"href":"https:\/\/toolsgrip.fi\/sisalto\/wp-json\/wp\/v2\/pages\/393\/revisions"}],"predecessor-version":[{"id":680,"href":"https:\/\/toolsgrip.fi\/sisalto\/wp-json\/wp\/v2\/pages\/393\/revisions\/680"}],"up":[{"embeddable":true,"href":"https:\/\/toolsgrip.fi\/sisalto\/wp-json\/wp\/v2\/pages\/391"}],"wp:attachment":[{"href":"https:\/\/toolsgrip.fi\/sisalto\/wp-json\/wp\/v2\/media?parent=393"}],"curies":[{"name":"wp","href":"https:\/\/api.w.org\/{rel}","templated":true}]}}