{"id":396,"date":"2010-09-12T19:44:06","date_gmt":"2010-09-12T19:44:06","guid":{"rendered":"http:\/\/www.toolsgrip.fi\/se\/information\/"},"modified":"2022-06-19T13:01:26","modified_gmt":"2022-06-19T10:01:26","slug":"information","status":"publish","type":"page","link":"https:\/\/toolsgrip.fi\/sisalto\/se\/information\/","title":{"rendered":"Information"},"content":{"rendered":"<h1>Information<\/h1>\n<p style=\"text-align: justify;\">Arbete i sv\u00e5ra f\u00f6rh\u00e5llanden som t.ex. under str\u00e4nga vintrar eller under het sol framtvingar innovationer p\u00e5 h\u00f6gre niv\u00e5.<\/p>\n<p style=\"text-align: justify;\">C. Myllfast Oy \u00e4r ett finl\u00e4ndskt innovationsf\u00f6retag vars senaste produkt \u00e4r den genialt enkla ToolsGrip.<\/p>\n<p style=\"text-align: justify;\">Sedan 1993 har f\u00f6retaget utvecklat produkter som hj\u00e4lper arbetsut\u00f6vare och som marknadsf\u00f6rs internationellt.<\/p>\n<p style=\"text-align: justify;\">\n<p style=\"text-align: justify;\">\n","protected":false},"excerpt":{"rendered":"<p>Information Arbete i sv\u00e5ra f\u00f6rh\u00e5llanden som t.ex. under str\u00e4nga vintrar eller under het sol framtvingar innovationer p\u00e5 h\u00f6gre niv\u00e5. C. Myllfast Oy \u00e4r ett finl\u00e4ndskt innovationsf\u00f6retag vars senaste produkt \u00e4r den genialt enkla ToolsGrip. Sedan 1993 har f\u00f6retaget utvecklat produkter som hj\u00e4lper arbetsut\u00f6vare och som marknadsf\u00f6rs internationellt.<\/p>\n","protected":false},"author":1,"featured_media":0,"parent":391,"menu_order":4,"comment_status":"open","ping_status":"open","template":"page_se.php","meta":{"footnotes":""},"class_list":["post-396","page","type-page","status-publish","hentry"],"aioseo_notices":[],"_links":{"self":[{"href":"https:\/\/toolsgrip.fi\/sisalto\/wp-json\/wp\/v2\/pages\/396","targetHints":{"allow":["GET"]}}],"collection":[{"href":"https:\/\/toolsgrip.fi\/sisalto\/wp-json\/wp\/v2\/pages"}],"about":[{"href":"https:\/\/toolsgrip.fi\/sisalto\/wp-json\/wp\/v2\/types\/page"}],"author":[{"embeddable":true,"href":"https:\/\/toolsgrip.fi\/sisalto\/wp-json\/wp\/v2\/users\/1"}],"replies":[{"embeddable":true,"href":"https:\/\/toolsgrip.fi\/sisalto\/wp-json\/wp\/v2\/comments?post=396"}],"version-history":[{"count":6,"href":"https:\/\/toolsgrip.fi\/sisalto\/wp-json\/wp\/v2\/pages\/396\/revisions"}],"predecessor-version":[{"id":504,"href":"https:\/\/toolsgrip.fi\/sisalto\/wp-json\/wp\/v2\/pages\/396\/revisions\/504"}],"up":[{"embeddable":true,"href":"https:\/\/toolsgrip.fi\/sisalto\/wp-json\/wp\/v2\/pages\/391"}],"wp:attachment":[{"href":"https:\/\/toolsgrip.fi\/sisalto\/wp-json\/wp\/v2\/media?parent=396"}],"curies":[{"name":"wp","href":"https:\/\/api.w.org\/{rel}","templated":true}]}}