{"id":587,"date":"2012-03-11T21:38:05","date_gmt":"2012-03-11T18:38:05","guid":{"rendered":"http:\/\/www.toolsgrip.fi\/sisalto\/se\/aterforsaljare\/"},"modified":"2022-12-23T20:50:52","modified_gmt":"2022-12-23T17:50:52","slug":"aterforsaljare","status":"publish","type":"page","link":"https:\/\/toolsgrip.fi\/sisalto\/se\/aterforsaljare\/","title":{"rendered":"\u00c5terf\u00f6rs\u00e4ljare"},"content":{"rendered":"","protected":false},"excerpt":{"rendered":"","protected":false},"author":1,"featured_media":0,"parent":391,"menu_order":6,"comment_status":"open","ping_status":"open","template":"page_se.php","meta":{"footnotes":""},"class_list":["post-587","page","type-page","status-publish","hentry"],"aioseo_notices":[],"_links":{"self":[{"href":"https:\/\/toolsgrip.fi\/sisalto\/wp-json\/wp\/v2\/pages\/587","targetHints":{"allow":["GET"]}}],"collection":[{"href":"https:\/\/toolsgrip.fi\/sisalto\/wp-json\/wp\/v2\/pages"}],"about":[{"href":"https:\/\/toolsgrip.fi\/sisalto\/wp-json\/wp\/v2\/types\/page"}],"author":[{"embeddable":true,"href":"https:\/\/toolsgrip.fi\/sisalto\/wp-json\/wp\/v2\/users\/1"}],"replies":[{"embeddable":true,"href":"https:\/\/toolsgrip.fi\/sisalto\/wp-json\/wp\/v2\/comments?post=587"}],"version-history":[{"count":7,"href":"https:\/\/toolsgrip.fi\/sisalto\/wp-json\/wp\/v2\/pages\/587\/revisions"}],"predecessor-version":[{"id":721,"href":"https:\/\/toolsgrip.fi\/sisalto\/wp-json\/wp\/v2\/pages\/587\/revisions\/721"}],"up":[{"embeddable":true,"href":"https:\/\/toolsgrip.fi\/sisalto\/wp-json\/wp\/v2\/pages\/391"}],"wp:attachment":[{"href":"https:\/\/toolsgrip.fi\/sisalto\/wp-json\/wp\/v2\/media?parent=587"}],"curies":[{"name":"wp","href":"https:\/\/api.w.org\/{rel}","templated":true}]}}