{"id":63,"date":"2010-09-11T06:58:41","date_gmt":"2010-09-11T06:58:41","guid":{"rendered":"http:\/\/www.toolsgrip.fi\/sisalto\/?page_id=63"},"modified":"2022-06-19T12:55:14","modified_gmt":"2022-06-19T09:55:14","slug":"tietoa","status":"publish","type":"page","link":"https:\/\/toolsgrip.fi\/sisalto\/tietoa\/","title":{"rendered":"Tietoa"},"content":{"rendered":"<h1 style=\"text-align: justify;\">Tietoa<\/h1>\n<p style=\"text-align: justify;\">Vaikeissa olosuhteissa kuten ankarassa talvessa tai paahtavassa auringossa ty\u00f6skentely pakottaa nostamaan innovaatiot uudelle tasolle.<\/p>\n<p style=\"text-align: justify;\">C. Myllfast Oy on suomalainen innovaatioyritys, jonka viimeisin tuote on nerokkaan yksinkertainen ToolsGrip.<\/p>\n<p style=\"text-align: justify;\">Yritys on kehitt\u00e4nyt vuodesta 1993 alkaen ty\u00f6miehi\u00e4 auttavia tuotteita, joita markkinoidaan kansainv\u00e4lisesti.<\/p>\n","protected":false},"excerpt":{"rendered":"<p>Tietoa Vaikeissa olosuhteissa kuten ankarassa talvessa tai paahtavassa auringossa ty\u00f6skentely pakottaa nostamaan innovaatiot uudelle tasolle. C. Myllfast Oy on suomalainen innovaatioyritys, jonka viimeisin tuote on nerokkaan yksinkertainen ToolsGrip. Yritys on kehitt\u00e4nyt vuodesta 1993 alkaen ty\u00f6miehi\u00e4 auttavia tuotteita, joita markkinoidaan kansainv\u00e4lisesti.<\/p>\n","protected":false},"author":1,"featured_media":0,"parent":0,"menu_order":4,"comment_status":"open","ping_status":"open","template":"","meta":{"footnotes":""},"class_list":["post-63","page","type-page","status-publish","hentry"],"aioseo_notices":[],"_links":{"self":[{"href":"https:\/\/toolsgrip.fi\/sisalto\/wp-json\/wp\/v2\/pages\/63","targetHints":{"allow":["GET"]}}],"collection":[{"href":"https:\/\/toolsgrip.fi\/sisalto\/wp-json\/wp\/v2\/pages"}],"about":[{"href":"https:\/\/toolsgrip.fi\/sisalto\/wp-json\/wp\/v2\/types\/page"}],"author":[{"embeddable":true,"href":"https:\/\/toolsgrip.fi\/sisalto\/wp-json\/wp\/v2\/users\/1"}],"replies":[{"embeddable":true,"href":"https:\/\/toolsgrip.fi\/sisalto\/wp-json\/wp\/v2\/comments?post=63"}],"version-history":[{"count":12,"href":"https:\/\/toolsgrip.fi\/sisalto\/wp-json\/wp\/v2\/pages\/63\/revisions"}],"predecessor-version":[{"id":506,"href":"https:\/\/toolsgrip.fi\/sisalto\/wp-json\/wp\/v2\/pages\/63\/revisions\/506"}],"wp:attachment":[{"href":"https:\/\/toolsgrip.fi\/sisalto\/wp-json\/wp\/v2\/media?parent=63"}],"curies":[{"name":"wp","href":"https:\/\/api.w.org\/{rel}","templated":true}]}}